{"id":4393,"date":"2018-10-17T09:37:58","date_gmt":"2018-10-17T09:37:58","guid":{"rendered":"https:\/\/sevindikstok.xyz\/drvural\/contact\/"},"modified":"2026-02-20T10:29:30","modified_gmt":"2026-02-20T10:29:30","slug":"contact","status":"publish","type":"page","link":"https:\/\/www.profdrbirolvural.com\/en\/contact\/","title":{"rendered":"Contact"},"content":{"rendered":"<div class=\"wpb-content-wrapper\"><p>[vc_row lg_spacing=&#8221;padding_top:120;padding_bottom:60&#8243;][vc_column][vc_raw_html]JTVCcXVpY2tjYWwtY2FsZW5kYXIlNUQ=[\/vc_raw_html][tm_heading custom_google_font=&#8221;&#8221; align=&#8221;center&#8221; text=&#8221;Contact Us&#8221; font_size=&#8221;lg:36&#8243;][tm_spacer size=&#8221;lg:20&#8243;][tm_heading tag=&#8221;div&#8221; custom_google_font=&#8221;&#8221; align=&#8221;center&#8221; text=&#8221;We offer expert clinical support based on the principles of privacy and trust in matters requiring discretion, such as women&#8217;s health, in vitro fertilization (IVF), HPV, and genital wart treatments.&#8221; font_size=&#8221;lg:18&#8243; max_width=&#8221;770px&#8221;][tm_spacer size=&#8221;lg:80&#8243;][vc_row_inner][vc_column_inner offset=&#8221;vc_col-lg-4&#8243;][tm_box_icon style=&#8221;3&#8243; custom_border_color=&#8221;#d4d2d2&#8243; border_style=&#8221;dashed&#8221; image=&#8221;2578&#8243; heading=&#8221;Clinic Address&#8221; text=&#8221;B\u00fcy\u00fckdere cad. Fulya mah. G\u00fcn apt. 26\/1 34384, \u015ei\u015fli-\u0130STANBUL&#8221; button=&#8221;|||&#8221; lg_spacing=&#8221;margin_bottom:30;border_bottom:1;padding_bottom:30&#8243;][tm_box_icon style=&#8221;3&#8243; custom_border_color=&#8221;#d4d2d2&#8243; border_style=&#8221;dashed&#8221; image=&#8221;1590&#8243; heading=&#8221;Phone &amp; WhatsApp&#8221; text=&#8221;0532 417 32 92 | Weekdays 09:00 \u2013 18:00&#8243; button=&#8221;|||&#8221; lg_spacing=&#8221;margin_bottom:30;border_bottom:1;padding_bottom:30&#8243;][tm_box_icon style=&#8221;3&#8243; custom_border_color=&#8221;#d4d2d2&#8243; border_style=&#8221;dashed&#8221; image=&#8221;1589&#8243; heading=&#8221;E-Mail&#8221; text=&#8221;profdrbirolvural@gmail.com&#8221; button=&#8221;|||&#8221;][tm_social_networks style=&#8221;solid-rounded-icon-02&#8243; items=&#8221;%5B%7B%22title%22%3A%22Facebook%22%2C%22link%22%3A%22%23%22%2C%22icon_type%22%3A%22fontawesome5%22%2C%22icon_fontawesome5%22%3A%22fab%20fa-facebook-f%22%7D%2C%7B%22title%22%3A%22Instagram%22%2C%22link%22%3A%22%23%22%2C%22icon_type%22%3A%22fontawesome5%22%2C%22icon_fontawesome5%22%3A%22fab%20fa-instagram%22%7D%5D&#8221;][tm_spacer size=&#8221;lg:60&#8243;][\/vc_column_inner][vc_column_inner offset=&#8221;vc_col-lg-8&#8243;][tm_contact_form_7 id=&#8221;4369&#8243;][tm_heading tag=&#8221;div&#8221; custom_google_font=&#8221;&#8221; font_style=&#8221;italic&#8221; align=&#8221;center&#8221; text=&#8221;The information you share is protected under the KVKK (Personal Data Protection Law) and is never shared with third parties.&#8221; css=&#8221;.vc_custom_1540454250212{margin-top: 20px !important;}&#8221;][tm_spacer size=&#8221;lg:60&#8243;][\/vc_column_inner][\/vc_row_inner][\/vc_column][\/vc_row]<\/p>\n<\/div>","protected":false},"excerpt":{"rendered":"<p>[vc_row lg_spacing=&#8221;padding_top:120;padding_bottom:60&#8243;][vc_column][vc_raw_html]JTVCcXVpY2tjYWwtY2FsZW5kYXIlNUQ=[\/vc_raw_html][tm_heading custom_google_font=&#8221;&#8221; align=&#8221;center&#8221; text=&#8221;Contact Us&#8221; font_size=&#8221;lg:36&#8243;][tm_spacer size=&#8221;lg:20&#8243;][tm_heading tag=&#8221;div&#8221; custom_google_font=&#8221;&#8221; align=&#8221;center&#8221; text=&#8221;We offer expert clinical support based on the principles of privacy and trust in matters requiring discretion, such as women&#8217;s health, in vitro fertilization (IVF), HPV, and genital wart treatments.&#8221; font_size=&#8221;lg:18&#8243; max_width=&#8221;770px&#8221;][tm_spacer size=&#8221;lg:80&#8243;][vc_row_inner][vc_column_inner offset=&#8221;vc_col-lg-4&#8243;][tm_box_icon style=&#8221;3&#8243; custom_border_color=&#8221;#d4d2d2&#8243; border_style=&#8221;dashed&#8221; image=&#8221;2578&#8243; heading=&#8221;Clinic Address&#8221; text=&#8221;B\u00fcy\u00fckdere cad. Fulya mah. G\u00fcn apt. 26\/1 34384, \u015ei\u015fli-\u0130STANBUL&#8221; button=&#8221;|||&#8221; lg_spacing=&#8221;margin_bottom:30;border_bottom:1;padding_bottom:30&#8243;][tm_box_icon style=&#8221;3&#8243; custom_border_color=&#8221;#d4d2d2&#8243; border_style=&#8221;dashed&#8221; image=&#8221;1590&#8243; heading=&#8221;Phone &amp; WhatsApp&#8221; text=&#8221;0532 417 32 92 | Weekdays 09:00 \u2013 18:00&#8243; button=&#8221;|||&#8221; lg_spacing=&#8221;margin_bottom:30;border_bottom:1;padding_bottom:30&#8243;][tm_box_icon style=&#8221;3&#8243; custom_border_color=&#8221;#d4d2d2&#8243; border_style=&#8221;dashed&#8221; image=&#8221;1589&#8243; heading=&#8221;E-Mail&#8221; text=&#8221;profdrbirolvural@gmail.com&#8221; button=&#8221;|||&#8221;][tm_social_networks style=&#8221;solid-rounded-icon-02&#8243; items=&#8221;%5B%7B%22title%22%3A%22Facebook%22%2C%22link%22%3A%22%23%22%2C%22icon_type%22%3A%22fontawesome5%22%2C%22icon_fontawesome5%22%3A%22fab%20fa-facebook-f%22%7D%2C%7B%22title%22%3A%22Instagram%22%2C%22link%22%3A%22%23%22%2C%22icon_type%22%3A%22fontawesome5%22%2C%22icon_fontawesome5%22%3A%22fab%20fa-instagram%22%7D%5D&#8221;][tm_spacer size=&#8221;lg:60&#8243;][\/vc_column_inner][vc_column_inner offset=&#8221;vc_col-lg-8&#8243;][tm_contact_form_7 id=&#8221;4369&#8243;][tm_heading tag=&#8221;div&#8221; custom_google_font=&#8221;&#8221; font_style=&#8221;italic&#8221; align=&#8221;center&#8221; text=&#8221;The information you share is protected under the KVKK (Personal Data Protection Law) and is never shared with third parties.&#8221; css=&#8221;.vc_custom_1540454250212{margin-top: 20px !important;}&#8221;][tm_spacer size=&#8221;lg:60&#8243;][\/vc_column_inner][\/vc_row_inner][\/vc_column][\/vc_row]<\/p>\n","protected":false},"author":1,"featured_media":0,"parent":0,"menu_order":0,"comment_status":"closed","ping_status":"closed","template":"","meta":{"footnotes":""},"class_list":["post-4393","page","type-page","status-publish","hentry"],"_links":{"self":[{"href":"https:\/\/www.profdrbirolvural.com\/en\/wp-json\/wp\/v2\/pages\/4393","targetHints":{"allow":["GET"]}}],"collection":[{"href":"https:\/\/www.profdrbirolvural.com\/en\/wp-json\/wp\/v2\/pages"}],"about":[{"href":"https:\/\/www.profdrbirolvural.com\/en\/wp-json\/wp\/v2\/types\/page"}],"author":[{"embeddable":true,"href":"https:\/\/www.profdrbirolvural.com\/en\/wp-json\/wp\/v2\/users\/1"}],"replies":[{"embeddable":true,"href":"https:\/\/www.profdrbirolvural.com\/en\/wp-json\/wp\/v2\/comments?post=4393"}],"version-history":[{"count":1,"href":"https:\/\/www.profdrbirolvural.com\/en\/wp-json\/wp\/v2\/pages\/4393\/revisions"}],"predecessor-version":[{"id":4790,"href":"https:\/\/www.profdrbirolvural.com\/en\/wp-json\/wp\/v2\/pages\/4393\/revisions\/4790"}],"wp:attachment":[{"href":"https:\/\/www.profdrbirolvural.com\/en\/wp-json\/wp\/v2\/media?parent=4393"}],"curies":[{"name":"wp","href":"https:\/\/api.w.org\/{rel}","templated":true}]}}